{"id":72,"date":"2025-10-16T11:30:03","date_gmt":"2025-10-16T09:30:03","guid":{"rendered":"http:\/\/neuesmitteldeutschland.test\/?page_id=72"},"modified":"2025-10-27T10:52:01","modified_gmt":"2025-10-27T09:52:01","slug":"radio-glauchau","status":"publish","type":"page","link":"http:\/\/www.artworks-gallery.de\/index.php\/radio-glauchau\/","title":{"rendered":"Radio Glauchau"},"content":{"rendered":"\t\t<div data-elementor-type=\"wp-page\" data-elementor-id=\"72\" class=\"elementor elementor-72\">\n\t\t\t\t<div class=\"elementor-element elementor-element-22f93e0 e-flex e-con-boxed e-con e-parent\" data-id=\"22f93e0\" data-element_type=\"container\" data-settings=\"{&quot;shape_divider_top&quot;:&quot;mountains&quot;}\">\n\t\t\t\t\t<div class=\"e-con-inner\">\n\t\t\t\t<div class=\"elementor-shape elementor-shape-top\" aria-hidden=\"true\" data-negative=\"false\">\n\t\t\t<svg xmlns=\"http:\/\/www.w3.org\/2000\/svg\" viewBox=\"0 0 1000 100\" preserveAspectRatio=\"none\">\n\t<path class=\"elementor-shape-fill\" opacity=\"0.33\" d=\"M473,67.3c-203.9,88.3-263.1-34-320.3,0C66,119.1,0,59.7,0,59.7V0h1000v59.7 c0,0-62.1,26.1-94.9,29.3c-32.8,3.3-62.8-12.3-75.8-22.1C806,49.6,745.3,8.7,694.9,4.7S492.4,59,473,67.3z\"\/>\n\t<path class=\"elementor-shape-fill\" opacity=\"0.66\" d=\"M734,67.3c-45.5,0-77.2-23.2-129.1-39.1c-28.6-8.7-150.3-10.1-254,39.1 s-91.7-34.4-149.2,0C115.7,118.3,0,39.8,0,39.8V0h1000v36.5c0,0-28.2-18.5-92.1-18.5C810.2,18.1,775.7,67.3,734,67.3z\"\/>\n\t<path class=\"elementor-shape-fill\" d=\"M766.1,28.9c-200-57.5-266,65.5-395.1,19.5C242,1.8,242,5.4,184.8,20.6C128,35.8,132.3,44.9,89.9,52.5C28.6,63.7,0,0,0,0 h1000c0,0-9.9,40.9-83.6,48.1S829.6,47,766.1,28.9z\"\/>\n<\/svg>\t\t<\/div>\n\t\t\t\t<div class=\"elementor-element elementor-element-3296619 elementor-widget elementor-widget-image\" data-id=\"3296619\" data-element_type=\"widget\" data-widget_type=\"image.default\">\n\t\t\t\t\t\t\t\t\t\t\t\t\t\t\t<img fetchpriority=\"high\" decoding=\"async\" width=\"1170\" height=\"170\" src=\"http:\/\/artworks-gallery.de\/wp-content\/uploads\/2025\/10\/title_banner_radio.jpg\" class=\"attachment-2048x2048 size-2048x2048 wp-image-376\" alt=\"\" srcset=\"http:\/\/artworks-gallery.de\/wp-content\/uploads\/2025\/10\/title_banner_radio.jpg 1170w, http:\/\/artworks-gallery.de\/wp-content\/uploads\/2025\/10\/title_banner_radio-300x44.jpg 300w, http:\/\/artworks-gallery.de\/wp-content\/uploads\/2025\/10\/title_banner_radio-1024x149.jpg 1024w, http:\/\/artworks-gallery.de\/wp-content\/uploads\/2025\/10\/title_banner_radio-768x112.jpg 768w\" sizes=\"(max-width: 1170px) 100vw, 1170px\" \/>\t\t\t\t\t\t\t\t\t\t\t\t\t\t\t<\/div>\n\t\t\t\t\t<\/div>\n\t\t\t\t<\/div>\n\t\t<div class=\"elementor-element elementor-element-6aaf498 e-flex e-con-boxed e-con e-parent\" data-id=\"6aaf498\" data-element_type=\"container\">\n\t\t\t\t\t<div class=\"e-con-inner\">\n\t\t\t\t<div class=\"elementor-element elementor-element-999cfab elementor-widget elementor-widget-text-editor\" data-id=\"999cfab\" data-element_type=\"widget\" data-widget_type=\"text-editor.default\">\n\t\t\t\t\t\t\t\t\t<p>Willkommen bei Radio Glauchau, unserem Online-Radio f\u00fcr die Region und Umgebung. Radio Glauchau l\u00e4uft \u00fcber laut.fm und wird von uns mit guter Musik und spannenden Podcasts gef\u00fcllt. H\u00f6rt doch gerne einmal herein.<\/p>\t\t\t\t\t\t\t\t<\/div>\n\t\t\t\t\t<\/div>\n\t\t\t\t<\/div>\n\t\t<div class=\"elementor-element elementor-element-4ecb2b73 e-flex e-con-boxed e-con e-parent\" data-id=\"4ecb2b73\" data-element_type=\"container\">\n\t\t\t\t\t<div class=\"e-con-inner\">\n\t\t\t\t<div class=\"elementor-element elementor-element-5ce2bf7 elementor-widget elementor-widget-spacer\" data-id=\"5ce2bf7\" data-element_type=\"widget\" data-widget_type=\"spacer.default\">\n\t\t\t\t\t\t\t<div class=\"elementor-spacer\">\n\t\t\t<div class=\"elementor-spacer-inner\"><\/div>\n\t\t<\/div>\n\t\t\t\t\t\t<\/div>\n\t\t\t\t<div class=\"elementor-element elementor-element-13de459f elementor-widget elementor-widget-text-editor\" data-id=\"13de459f\" data-element_type=\"widget\" data-widget_type=\"text-editor.default\">\n\t\t\t\t\t\t\t\t\t<iframe width=\"800\" height=\"140\" id=\"widget\" name=\"widget\" border=\"0\" style=\"border:0px\" allowtransparency=\"true\" scrolling=\"no\" src=\"\/\/laut.fm\/widgets\/player_for\/radio-glauchau,?player%5Bstations%5D=eins%2C&#038;player%5Bcolor%5D%5Bcolor%5D=white&#038;player%5Bshadow%5D=true&#038;player%5Bdisplay%5D%5Bborder%5D%5Bradius%5D=10px&#038;player%5Bcolor%5D%5Bbackground_to%5D=%23666666&#038;player%5Bcolor%5D%5Bbackground_from%5D=%23333333&#038;player%5Bborder%5D%5Bcolor%5D=%23cccccc&#038;player%5Bborder%5D%5Bwidth%5D=0px&#038;player%5Bbutton%5D%5Bcolor%5D%5Bbackground_to%5D=%23333333&#038;player%5Bbutton%5D%5Bcolor%5D%5Bbackground_from%5D=%23111111&#038;player%5Bbutton%5D%5Bborder%5D%5Bcolor%5D=%23333333&#038;player%5Bbutton%5D%5Bborder%5D%5Bwidth%5D=2px\">widget<\/iframe>\t\t\t\t\t\t\t\t<\/div>\n\t\t\t\t\t<\/div>\n\t\t\t\t<\/div>\n\t\t<div class=\"elementor-element elementor-element-85c94a7 e-flex e-con-boxed e-con e-parent\" data-id=\"85c94a7\" data-element_type=\"container\">\n\t\t\t\t\t<div class=\"e-con-inner\">\n\t\t\t\t<div class=\"elementor-element elementor-element-7c4e3c7 elementor-widget elementor-widget-spacer\" data-id=\"7c4e3c7\" data-element_type=\"widget\" data-widget_type=\"spacer.default\">\n\t\t\t\t\t\t\t<div class=\"elementor-spacer\">\n\t\t\t<div class=\"elementor-spacer-inner\"><\/div>\n\t\t<\/div>\n\t\t\t\t\t\t<\/div>\n\t\t\t\t<div class=\"elementor-element elementor-element-7889a02 elementor-widget elementor-widget-heading\" data-id=\"7889a02\" data-element_type=\"widget\" data-widget_type=\"heading.default\">\n\t\t\t\t\t<h2 class=\"elementor-heading-title elementor-size-default\">Das Wetter<\/h2>\t\t\t\t<\/div>\n\t\t\t\t\t<\/div>\n\t\t\t\t<\/div>\n\t\t<div class=\"elementor-element elementor-element-d6e0a4a e-flex e-con-boxed e-con e-parent\" data-id=\"d6e0a4a\" data-element_type=\"container\">\n\t\t\t\t\t<div class=\"e-con-inner\">\n\t\t<div class=\"elementor-element elementor-element-b05984c e-con-full e-flex e-con e-child\" data-id=\"b05984c\" data-element_type=\"container\">\n\t\t\t\t<div class=\"elementor-element elementor-element-b0952d0 elementor-widget elementor-widget-html\" data-id=\"b0952d0\" data-element_type=\"widget\" data-widget_type=\"html.default\">\n\t\t\t\t\t<p><iframe style=\"width: 100%; border: none; height: 215px; background-color: transparent;\" src=\"https:\/\/www.wetter.de\/widget\/3tage\/u30cj77p\/false\/\"><\/iframe><br \/><a href=\"https:\/\/www.wetter.de\" rel=\"nofollow\" target=\"_blank\">Das Wetter in Glauchau<\/a><\/p>\n\t\t\t\t<\/div>\n\t\t\t\t<\/div>\n\t\t<div class=\"elementor-element elementor-element-2526988 e-con-full e-flex e-con e-child\" data-id=\"2526988\" data-element_type=\"container\">\n\t\t\t\t<div class=\"elementor-element elementor-element-1337ae0 elementor-widget elementor-widget-html\" data-id=\"1337ae0\" data-element_type=\"widget\" data-widget_type=\"html.default\">\n\t\t\t\t\t<iframe style=\"width: 300px; border: none; height: 260px; background-color: transparent;\" src=\"https:\/\/www.wetter.de\/widget\/heute\/u30cj77p\/false\/\"><\/iframe><br\/><a href=\"https:\/\/www.wetter.de\" rel=\"nofollow\" target=\"_blank\">Die Tages\u00fcbersicht in Glauchau<\/a>\t\t\t\t<\/div>\n\t\t\t\t<\/div>\n\t\t\t\t\t<\/div>\n\t\t\t\t<\/div>\n\t\t<div class=\"elementor-element elementor-element-bfed069 e-flex e-con-boxed e-con e-parent\" data-id=\"bfed069\" data-element_type=\"container\" data-settings=\"{&quot;shape_divider_bottom&quot;:&quot;opacity-tilt&quot;}\">\n\t\t\t\t\t<div class=\"e-con-inner\">\n\t\t\t\t<div class=\"elementor-shape elementor-shape-bottom\" aria-hidden=\"true\" data-negative=\"false\">\n\t\t\t<svg xmlns=\"http:\/\/www.w3.org\/2000\/svg\" viewBox=\"0 0 2600 131.1\" preserveAspectRatio=\"none\">\n\t<path class=\"elementor-shape-fill\" d=\"M0 0L2600 0 2600 69.1 0 0z\"\/>\n\t<path class=\"elementor-shape-fill\" style=\"opacity:0.5\" d=\"M0 0L2600 0 2600 69.1 0 69.1z\"\/>\n\t<path class=\"elementor-shape-fill\" style=\"opacity:0.25\" d=\"M2600 0L0 0 0 130.1 2600 69.1z\"\/>\n<\/svg>\t\t<\/div>\n\t\t\t\t<div class=\"elementor-element elementor-element-725bfb0 elementor-widget elementor-widget-google_maps\" data-id=\"725bfb0\" data-element_type=\"widget\" data-widget_type=\"google_maps.default\">\n\t\t\t\t\t\t\t<div class=\"elementor-custom-embed\">\n\t\t\t<iframe loading=\"lazy\"\n\t\t\t\t\tsrc=\"https:\/\/maps.google.com\/maps?q=Glauchau&#038;t=m&#038;z=10&#038;output=embed&#038;iwloc=near\"\n\t\t\t\t\ttitle=\"Glauchau\"\n\t\t\t\t\taria-label=\"Glauchau\"\n\t\t\t><\/iframe>\n\t\t<\/div>\n\t\t\t\t\t\t<\/div>\n\t\t\t\t\t<\/div>\n\t\t\t\t<\/div>\n\t\t\t\t<\/div>\n\t\t","protected":false},"excerpt":{"rendered":"<p>Willkommen bei Radio Glauchau, unserem Online-Radio f\u00fcr die Region und Umgebung. Radio Glauchau l\u00e4uft \u00fcber laut.fm und wird von uns mit guter Musik und spannenden Podcasts gef\u00fcllt. H\u00f6rt doch gerne einmal herein. widget Das Wetter Das Wetter in Glauchau Die Tages\u00fcbersicht in Glauchau<\/p>\n","protected":false},"author":1,"featured_media":0,"parent":0,"menu_order":0,"comment_status":"closed","ping_status":"closed","template":"","meta":{"footnotes":""},"class_list":["post-72","page","type-page","status-publish","hentry"],"publishpress_future_action":{"enabled":false,"date":"2026-04-11 12:00:52","action":"change-status","newStatus":"draft","terms":[],"taxonomy":"","extraData":[]},"publishpress_future_workflow_manual_trigger":{"enabledWorkflows":[]},"_links":{"self":[{"href":"http:\/\/www.artworks-gallery.de\/index.php\/wp-json\/wp\/v2\/pages\/72","targetHints":{"allow":["GET"]}}],"collection":[{"href":"http:\/\/www.artworks-gallery.de\/index.php\/wp-json\/wp\/v2\/pages"}],"about":[{"href":"http:\/\/www.artworks-gallery.de\/index.php\/wp-json\/wp\/v2\/types\/page"}],"author":[{"embeddable":true,"href":"http:\/\/www.artworks-gallery.de\/index.php\/wp-json\/wp\/v2\/users\/1"}],"replies":[{"embeddable":true,"href":"http:\/\/www.artworks-gallery.de\/index.php\/wp-json\/wp\/v2\/comments?post=72"}],"version-history":[{"count":39,"href":"http:\/\/www.artworks-gallery.de\/index.php\/wp-json\/wp\/v2\/pages\/72\/revisions"}],"predecessor-version":[{"id":411,"href":"http:\/\/www.artworks-gallery.de\/index.php\/wp-json\/wp\/v2\/pages\/72\/revisions\/411"}],"wp:attachment":[{"href":"http:\/\/www.artworks-gallery.de\/index.php\/wp-json\/wp\/v2\/media?parent=72"}],"curies":[{"name":"wp","href":"https:\/\/api.w.org\/{rel}","templated":true}]}}